{"id":49,"date":"2015-04-14T14:47:48","date_gmt":"2015-04-14T14:47:48","guid":{"rendered":"http:\/\/ghmc.pt\/site\/?page_id=49"},"modified":"2015-04-19T20:52:14","modified_gmt":"2015-04-19T20:52:14","slug":"cap-pvc","status":"publish","type":"page","link":"http:\/\/ghmc.pt\/site\/produtos\/cap-pvc\/","title":{"rendered":"C\u00c1P. PVC"},"content":{"rendered":"<p>( C\u00e1psulas de Pvc com Btv, C\u00e1psulas com Obturador Ghmc, Sleves, Retracap, C\u00e1psulas Pr\u00e9 Formadas Pvc, C\u00e1psulas Pvc Twist Off, C\u00e1psulas pr\u00e9 Formadas)<br \/>\n<div id='image_slideshow_holder' style='max-width:850px'><ul id='image_slideshow' class='acx_ppt acx_ppt_0 acx_ppt_uid_Pvc' style='width:850px;overflow:hidden;'><li><img src='http:\/\/ghmc.pt\/site\/wp-content\/uploads\/2015\/04\/Pvc_003.jpg' title='Pvc_003' alt='' style='max-height:450px;width:850px;'><div class='img_prev_0 img_prev'><\/div><div class='img_next_0 img_next'><\/div><\/li><li><img src='http:\/\/ghmc.pt\/site\/wp-content\/uploads\/2015\/04\/Pvc_002.jpg' title='Pvc_002' alt='' style='max-height:450px;width:850px;'><div class='img_prev_0 img_prev'><\/div><div class='img_next_0 img_next'><\/div><\/li><li><img src='http:\/\/ghmc.pt\/site\/wp-content\/uploads\/2015\/04\/Pvc_001.jpg' title='Pvc_001' alt='' style='max-height:450px;width:850px;'><div class='img_prev_0 img_prev'><\/div><div class='img_next_0 img_next'><\/div><\/li><li><img src='http:\/\/ghmc.pt\/site\/wp-content\/uploads\/2015\/04\/Pvc_007.jpg' title='Pvc_007' alt='' style='max-height:450px;width:850px;'><div class='img_prev_0 img_prev'><\/div><div class='img_next_0 img_next'><\/div><\/li><li><img src='http:\/\/ghmc.pt\/site\/wp-content\/uploads\/2015\/04\/Pvc_006.jpg' title='Pvc_006' alt='' style='max-height:450px;width:850px;'><div class='img_prev_0 img_prev'><\/div><div class='img_next_0 img_next'><\/div><\/li><li><img src='http:\/\/ghmc.pt\/site\/wp-content\/uploads\/2015\/04\/Pvc_005.jpg' title='Pvc_005' alt='' style='max-height:450px;width:850px;'><div class='img_prev_0 img_prev'><\/div><div class='img_next_0 img_next'><\/div><\/li><li><img src='http:\/\/ghmc.pt\/site\/wp-content\/uploads\/2015\/04\/Pvc_004.jpg' title='Pvc_004' alt='' style='max-height:450px;width:850px;'><div class='img_prev_0 img_prev'><\/div><div class='img_next_0 img_next'><\/div><\/li><li><img src='http:\/\/ghmc.pt\/site\/wp-content\/uploads\/2015\/04\/Pre_formas_004.jpg' title='Pre_formas_004' alt='' style='max-height:450px;width:850px;'><div class='img_prev_0 img_prev'><\/div><div class='img_next_0 img_next'><\/div><\/li><li><img src='http:\/\/ghmc.pt\/site\/wp-content\/uploads\/2015\/04\/Pre_formas_003.jpg' title='Pre_formas_003' alt='' style='max-height:450px;width:850px;'><div class='img_prev_0 img_prev'><\/div><div class='img_next_0 img_next'><\/div><\/li><li><img src='http:\/\/ghmc.pt\/site\/wp-content\/uploads\/2015\/04\/Sleves_001.jpg' title='Sleves_001' alt='' style='max-height:450px;width:850px;'><div class='img_prev_0 img_prev'><\/div><div class='img_next_0 img_next'><\/div><\/li><li><img src='http:\/\/ghmc.pt\/site\/wp-content\/uploads\/2015\/04\/Sleves_003.jpg' title='Sleves_003' alt='' style='max-height:450px;width:850px;'><div class='img_prev_0 img_prev'><\/div><div class='img_next_0 img_next'><\/div><\/li><input type='hidden' id='acx_hidden_id_0' value='stop'\/><\/ul><\/div><!-- image_slideshow_holder --><\/p>\n","protected":false},"excerpt":{"rendered":"<p>( C\u00e1psulas de Pvc com Btv, C\u00e1psulas com Obturador Ghmc, Sleves, Retracap, C\u00e1psulas Pr\u00e9 Formadas Pvc, C\u00e1psulas Pvc Twist Off, C\u00e1psulas pr\u00e9 Formadas)<\/p>\n","protected":false},"author":1,"featured_media":0,"parent":270,"menu_order":0,"comment_status":"closed","ping_status":"closed","template":"","meta":[],"_links":{"self":[{"href":"http:\/\/ghmc.pt\/site\/wp-json\/wp\/v2\/pages\/49"}],"collection":[{"href":"http:\/\/ghmc.pt\/site\/wp-json\/wp\/v2\/pages"}],"about":[{"href":"http:\/\/ghmc.pt\/site\/wp-json\/wp\/v2\/types\/page"}],"author":[{"embeddable":true,"href":"http:\/\/ghmc.pt\/site\/wp-json\/wp\/v2\/users\/1"}],"replies":[{"embeddable":true,"href":"http:\/\/ghmc.pt\/site\/wp-json\/wp\/v2\/comments?post=49"}],"version-history":[{"count":3,"href":"http:\/\/ghmc.pt\/site\/wp-json\/wp\/v2\/pages\/49\/revisions"}],"predecessor-version":[{"id":166,"href":"http:\/\/ghmc.pt\/site\/wp-json\/wp\/v2\/pages\/49\/revisions\/166"}],"up":[{"embeddable":true,"href":"http:\/\/ghmc.pt\/site\/wp-json\/wp\/v2\/pages\/270"}],"wp:attachment":[{"href":"http:\/\/ghmc.pt\/site\/wp-json\/wp\/v2\/media?parent=49"}],"curies":[{"name":"wp","href":"https:\/\/api.w.org\/{rel}","templated":true}]}}