{"id":480,"date":"2018-05-15T23:50:08","date_gmt":"2018-05-15T23:50:08","guid":{"rendered":"http:\/\/ghmc.pt\/site\/?page_id=480"},"modified":"2022-12-18T23:55:10","modified_gmt":"2022-12-18T23:55:10","slug":"politica-de-privacidade","status":"publish","type":"page","link":"http:\/\/ghmc.pt\/site\/politica-de-privacidade\/","title":{"rendered":"Pol\u00edtica de Privacidade"},"content":{"rendered":"<p><strong>O Nosso Compromisso Com a Privacidade<\/strong><br \/>\nA prote\u00e7\u00e3o da privacidade e dos dados pessoais dos Utilizadores \u00e9 um dos nossos compromissos, sabemos que os seus dados representam a sua privacidade, por isso qualquer dado ser\u00e1 tratado de acordo com a sua prefer\u00eancia e com total transpar\u00eancia.<\/p>\n<p>Estamos empenhados no respeito pela privacidade e confidencialidade dos dados pessoais e por isso na nossa Pol\u00edtica de Privacidade encontrar\u00e1 informa\u00e7\u00e3o sobre a forma como os mesmos s\u00e3o tratados em conformidade com o Regulamento Geral de Protec\u00e7\u00e3o de Dados, pelo que adoptamos medidas administrativas e tecnol\u00f3gicas para cumprir com o novo Regulamento.<\/p>\n<p>A entidade respons\u00e1vel pela recolha e tratamento de dados pessoais \u00e9 a GHMC \u2013 Com\u00e9rcio e Representa\u00e7\u00f5es, Lda &#8211; NIF 510979971 &#8211; Rua 18 de Maio, Lt 14 R\/C &#8211; Rossio ao Sul do Tejo &#8211; 2205-076 Abrantes<\/p>\n<p><strong>POR FAVOR LEIA ATENTAMENTE A PRESENTE POL\u00cdTICA DE PRIVACIDADE.<\/strong><\/p>\n<p><strong>1. Que Informa\u00e7\u00f5es Recolhemos?<\/strong><br \/>\nCom o consentimento livre, espec\u00edfico, informado e esclarecido do Utilizador e titular dos dados pessoais em que este deve ter mais de 16 anos, recolhemos o Nome e Email, em conformidade com as demais indica\u00e7\u00f5es dadas no Website, para o envio de mensagem atrav\u00e9s do formul\u00e1rio de contacto e pedido de informa\u00e7\u00f5es por parte do Utilizador, havendo minimiza\u00e7\u00e3o na coleta de dados, recolhemos apenas os dados estritamente necess\u00e1rios \u00e0 finalidade a que se destina.<\/p>\n<p>Recolhemos tamb\u00e9m informa\u00e7\u00e3o que n\u00e3o permite que o identifique na forma de \u201cCookies\u201d de sess\u00e3o e \u201cCookies\u201d analiticos de Google Analytics e app facebook.<\/p>\n<p><strong>2. Como Usamos a Informa\u00e7\u00e3o que Recolhemos?<\/strong><br \/>\nOs dados recolhidos servem para responder ao solicitado pelo Utilizador de acordo com a mensagem enviada para GHMC.<br \/>\nOs dados pessoais s\u00e3o tratados exclusivamente por GHMC.<br \/>\nN\u00e3o fazemos tratamento automatizado de dados pessoais nem cria\u00e7\u00e3o de perfis.<\/p>\n<p><strong>Cookies:<\/strong><br \/>\nUtilizamos a tecnologia de \u201dCookies\u201d para visualizar dados estat\u00edsticos de acesso ao s\u00edtio de internet, guardamos apenas informa\u00e7\u00e3o relacionada com as suas prefer\u00eancias, como o navegador utilizado, sistema operativo, zona de localiza\u00e7\u00e3o, data e hora de consulta ao s\u00edtio de internet, as p\u00e1ginas que visitou e o numero de IP.<\/p>\n<p><strong>Porque utilizamos cookies?<\/strong><br \/>\nUtilizamos cookies para facilitar a experi\u00eancia do utilizador, bem como recolher informa\u00e7\u00e3o para analisar padr\u00f5es de navega\u00e7\u00e3o no s\u00edtio de internet, permitindo-nos identificar algum problema que possa surgir de modo a optimizar o s\u00edtio de internet para uma melhor experi\u00eancia do utilizador.<\/p>\n<p><strong>3. Conserva\u00e7\u00e3o da Informa\u00e7\u00e3o que Recolhemos<\/strong><br \/>\nA informa\u00e7\u00e3o recolhida pode ser conservada para manter o hist\u00f3rico e fins estat\u00edsticos, podendo ser eliminada a qualquer momento assim que a finalidade do solicitado pelo Utilizador esteja conclu\u00edda.<\/p>\n<p><strong>4. Seguran\u00e7a dos Dados Pessoais<\/strong><br \/>\nOs dados pessoais s\u00e3o conservados em servidores com datacenter em Portugal usando os meios de seguran\u00e7a adaptados atrav\u00e9s de procedimentos f\u00edsicos, eletr\u00f3nicos e inform\u00e1ticos, protegidos de acesso n\u00e3o autorizado.<br \/>\nAssumimos um compromisso de privacidade, seguran\u00e7a e de acesso restrito no processamento e na manuten\u00e7\u00e3o dos dados pessoais.<\/p>\n<p><strong>5. Acesso, Retifica\u00e7\u00e3o, Consentimento e Elimina\u00e7\u00e3o dos Dados Pessoais<\/strong><br \/>\nNos termos da lei, garantimos o direito de acesso, retifica\u00e7\u00e3o, limita\u00e7\u00e3o, portabilidade e esquecimento de qualquer dado fornecido, podendo o Utilizador aceder \u00e0 sua conta particular ou entrando em contacto com a GHMC.<\/p>\n<p><strong>6. Como Posso Contactar a GHMC Sobre a Prote\u00e7\u00e3o e Privacidade dos Meus Dados?<\/strong><br \/>\nPode esclarecer as suas d\u00favidas, pedir para alterar ou retirar a autoriza\u00e7\u00e3o para o tratamento dos seus dados atrav\u00e9s dos seguintes contactos:<\/p>\n<p>Presencialmente nas nossas instala\u00e7\u00f5es em GHMC \u2013 Com\u00e9rcio e Representa\u00e7\u00f5es, Lda &#8211; Rua 18 de Maio, Lt 14 R\/C &#8211; Rossio ao Sul do Tejo &#8211; 2205-076 Abrantes<br \/>\nemail info@ghmc.pt<br \/>\ntelefone: 241 331 182 (chamada para rede fixa nacional)<\/p>\n<p><strong>7. Como Posso Apresentar uma Queixa?<\/strong><br \/>\nO Consumidor tem a possibilidade de apresentar uma queixa junto das autoridades de controlo, como a CNPD &#8211; Rua de S\u00e3o Bento n.\u00ba 148-3\u00ba &#8211; 1200-821 Lisboa &#8211; Tel: +351 213928400 &#8211; https:\/\/www.cnpd.pt &#8211; e-mail: geral@cnpd.pt<\/p>\n<p>A nossa pol\u00edtica de privacidade pode ser revista regularmente assim que se justificar e todas as altera\u00e7\u00f5es ser\u00e3o publicadas neste s\u00edtio de internet.<\/p>\n","protected":false},"excerpt":{"rendered":"<p>O Nosso Compromisso Com a Privacidade A prote\u00e7\u00e3o da privacidade e dos dados pessoais dos Utilizadores \u00e9 um dos nossos compromissos, sabemos que os seus dados representam a sua privacidade, por isso qualquer dado ser\u00e1 tratado de acordo com a <a href=\"http:\/\/ghmc.pt\/site\/politica-de-privacidade\/\" class=\"read-more\">Ver mais &#8230;<\/a><\/p>\n","protected":false},"author":1,"featured_media":0,"parent":0,"menu_order":0,"comment_status":"closed","ping_status":"closed","template":"","meta":[],"_links":{"self":[{"href":"http:\/\/ghmc.pt\/site\/wp-json\/wp\/v2\/pages\/480"}],"collection":[{"href":"http:\/\/ghmc.pt\/site\/wp-json\/wp\/v2\/pages"}],"about":[{"href":"http:\/\/ghmc.pt\/site\/wp-json\/wp\/v2\/types\/page"}],"author":[{"embeddable":true,"href":"http:\/\/ghmc.pt\/site\/wp-json\/wp\/v2\/users\/1"}],"replies":[{"embeddable":true,"href":"http:\/\/ghmc.pt\/site\/wp-json\/wp\/v2\/comments?post=480"}],"version-history":[{"count":7,"href":"http:\/\/ghmc.pt\/site\/wp-json\/wp\/v2\/pages\/480\/revisions"}],"predecessor-version":[{"id":513,"href":"http:\/\/ghmc.pt\/site\/wp-json\/wp\/v2\/pages\/480\/revisions\/513"}],"wp:attachment":[{"href":"http:\/\/ghmc.pt\/site\/wp-json\/wp\/v2\/media?parent=480"}],"curies":[{"name":"wp","href":"https:\/\/api.w.org\/{rel}","templated":true}]}}