{"id":443,"date":"2018-05-15T22:23:17","date_gmt":"2018-05-15T22:23:17","guid":{"rendered":"http:\/\/ghmc.pt\/site\/?page_id=443"},"modified":"2018-05-17T23:41:45","modified_gmt":"2018-05-17T23:41:45","slug":"cookies","status":"publish","type":"page","link":"http:\/\/ghmc.pt\/site\/cookies\/","title":{"rendered":"Cookies"},"content":{"rendered":"<p>\u201dCookies\u201d s\u00e3o pequenos ficheiros de texto que s\u00e3o armazenadas no seu computador atrav\u00e9s do navegador (browser), retendo apenas informa\u00e7\u00e3o relacionada com as suas prefer\u00eancias, n\u00e3o incluindo, como tal, os seus dados pessoais.<\/p>\n<p>Utilizamos a tecnologia de \u201dCookies\u201d de sess\u00e3o e \u201dCookies\u201d anal\u00edticos de Google Analytics para visualizar dados estat\u00edsticos. Guardamos apenas informa\u00e7\u00e3o relacionada com as suas prefer\u00eancias, como o navegador utilizado, sistema operativo, zona de localiza\u00e7\u00e3o, data e hora de consulta, as p\u00e1ginas que visitou e o IP.<\/p>\n<p><strong>Um \u201dCookie\u201d n\u00e3o nos permite que o identifique.<\/strong><\/p>\n<p><strong>Porque utilizamos cookies?<\/strong><br \/>\nUtilizamos cookies para acompanhar a experi\u00eancia do utilizador, bem como recolher informa\u00e7\u00e3o para analisar padr\u00f5es de navega\u00e7\u00e3o, permitindo-nos identificar algum problema que possa surgir de modo a optimizar o s\u00edtio.<\/p>\n<p>Os cookies utilizados n\u00e3o s\u00e3o invasivos ou nocivos para o utilizador. No entanto, pode aceitar, recusar ou apagar cookies, bastando para tal selecionar as defini\u00e7\u00f5es apropriadas no respetivo navegador.<\/p>\n","protected":false},"excerpt":{"rendered":"<p>\u201dCookies\u201d s\u00e3o pequenos ficheiros de texto que s\u00e3o armazenadas no seu computador atrav\u00e9s do navegador (browser), retendo apenas informa\u00e7\u00e3o relacionada com as suas prefer\u00eancias, n\u00e3o incluindo, como tal, os seus dados pessoais. Utilizamos a tecnologia de \u201dCookies\u201d de sess\u00e3o e <a href=\"http:\/\/ghmc.pt\/site\/cookies\/\" class=\"read-more\">Ver mais &#8230;<\/a><\/p>\n","protected":false},"author":1,"featured_media":0,"parent":0,"menu_order":0,"comment_status":"closed","ping_status":"closed","template":"","meta":[],"_links":{"self":[{"href":"http:\/\/ghmc.pt\/site\/wp-json\/wp\/v2\/pages\/443"}],"collection":[{"href":"http:\/\/ghmc.pt\/site\/wp-json\/wp\/v2\/pages"}],"about":[{"href":"http:\/\/ghmc.pt\/site\/wp-json\/wp\/v2\/types\/page"}],"author":[{"embeddable":true,"href":"http:\/\/ghmc.pt\/site\/wp-json\/wp\/v2\/users\/1"}],"replies":[{"embeddable":true,"href":"http:\/\/ghmc.pt\/site\/wp-json\/wp\/v2\/comments?post=443"}],"version-history":[{"count":2,"href":"http:\/\/ghmc.pt\/site\/wp-json\/wp\/v2\/pages\/443\/revisions"}],"predecessor-version":[{"id":485,"href":"http:\/\/ghmc.pt\/site\/wp-json\/wp\/v2\/pages\/443\/revisions\/485"}],"wp:attachment":[{"href":"http:\/\/ghmc.pt\/site\/wp-json\/wp\/v2\/media?parent=443"}],"curies":[{"name":"wp","href":"https:\/\/api.w.org\/{rel}","templated":true}]}}