{"id":2,"date":"2015-04-09T15:21:50","date_gmt":"2015-04-09T15:21:50","guid":{"rendered":"http:\/\/ghmc.pt\/site\/?page_id=2"},"modified":"2022-12-18T23:55:57","modified_gmt":"2022-12-18T23:55:57","slug":"sample-page","status":"publish","type":"page","link":"http:\/\/ghmc.pt\/site\/sample-page\/","title":{"rendered":"CONTACTOS"},"content":{"rendered":"<table style=\"height: 431px;\" border=\"0\" width=\"805\">\n<tbody>\n<tr>\n<td width=\"283\">\u00a0<div class=\"wpcf7 no-js\" id=\"wpcf7-f22-o1\" lang=\"pt-PT\" dir=\"ltr\">\n<div class=\"screen-reader-response\"><p role=\"status\" aria-live=\"polite\" aria-atomic=\"true\"><\/p> <ul><\/ul><\/div>\n<form action=\"\/site\/wp-json\/wp\/v2\/pages\/2#wpcf7-f22-o1\" method=\"post\" class=\"wpcf7-form init\" aria-label=\"Contact form\" novalidate=\"novalidate\" data-status=\"init\">\n<div style=\"display: none;\">\n<input type=\"hidden\" name=\"_wpcf7\" value=\"22\" \/>\n<input type=\"hidden\" name=\"_wpcf7_version\" value=\"5.7.1\" \/>\n<input type=\"hidden\" name=\"_wpcf7_locale\" value=\"pt_PT\" \/>\n<input type=\"hidden\" name=\"_wpcf7_unit_tag\" value=\"wpcf7-f22-o1\" \/>\n<input type=\"hidden\" name=\"_wpcf7_container_post\" value=\"0\" \/>\n<input type=\"hidden\" name=\"_wpcf7_posted_data_hash\" value=\"\" \/>\n<\/div>\n<p>O seu nome (obrigat\u00f3rio)\n<\/p>\n<p><span class=\"wpcf7-form-control-wrap\" data-name=\"your-name\"><input size=\"40\" class=\"wpcf7-form-control wpcf7-text wpcf7-validates-as-required\" aria-required=\"true\" aria-invalid=\"false\" value=\"\" type=\"text\" name=\"your-name\" \/><\/span>\n<\/p>\n<p>O seu email (obrigat\u00f3rio)\n<\/p>\n<p><span class=\"wpcf7-form-control-wrap\" data-name=\"your-email\"><input size=\"40\" class=\"wpcf7-form-control wpcf7-text wpcf7-email wpcf7-validates-as-required wpcf7-validates-as-email\" aria-required=\"true\" aria-invalid=\"false\" value=\"\" type=\"email\" name=\"your-email\" \/><\/span>\n<\/p>\n<p>Assunto\n<\/p>\n<p><span class=\"wpcf7-form-control-wrap\" data-name=\"your-subject\"><input size=\"40\" class=\"wpcf7-form-control wpcf7-text\" aria-invalid=\"false\" value=\"\" type=\"text\" name=\"your-subject\" \/><\/span>\n<\/p>\n<p>A sua mensagem\n<\/p>\n<p><span class=\"wpcf7-form-control-wrap\" data-name=\"your-message\"><textarea cols=\"40\" rows=\"10\" class=\"wpcf7-form-control wpcf7-textarea\" aria-invalid=\"false\" name=\"your-message\"><\/textarea><\/span>\n<\/p>\n<p><span class=\"wpcf7-form-control-wrap\" data-name=\"politica-privacidade\"><span class=\"wpcf7-form-control wpcf7-acceptance\"><span class=\"wpcf7-list-item\"><label><input type=\"checkbox\" name=\"politica-privacidade\" value=\"1\" id=\"politica-privacidade\" aria-invalid=\"false\" \/><span class=\"wpcf7-list-item-label\">Concordo com a <a href=\"http:\/\/ghmc.pt\/site\/politica-de-privacidade\">Pol\u00edtica de Privacidade<\/a><\/span><\/label><\/span><\/span><\/span>\n<\/p>\n<p><span class=\"wpcf7-form-control-wrap\" data-name=\"quiz-41\"><label><span class=\"wpcf7-quiz-label\">Qual a capital de Portugal?  insira a resposta a baixo para validar o formul\u00e1rio<\/span> <input size=\"40\" class=\"wpcf7-form-control wpcf7-quiz\" autocomplete=\"off\" aria-required=\"true\" aria-invalid=\"false\" type=\"text\" name=\"quiz-41\" \/><\/label><input type=\"hidden\" name=\"_wpcf7_quiz_answer_quiz-41\" value=\"9a77706618f9ce350dd35534f45951fe\" \/><\/span>\n<\/p>\n<p><input class=\"wpcf7-form-control has-spinner wpcf7-submit\" type=\"submit\" value=\"Enviar\" \/>\n<\/p><div class=\"wpcf7-response-output\" aria-hidden=\"true\"><\/div><\/form><\/div><\/td>\n<td width=\"283\">\n<ul>\n<li><strong>GHMC &#8211; Com\u00e9rcio e Representa\u00e7\u00f5es, Lda.<\/strong><br \/>\nRua 18 de Maio, Lt 14 R\/C<br \/>\nRossio ao Sul do Tejo<br \/>\n2205-076 Abrantes<br \/>\nTel: +351 241 331 182 (chamada para rede fixa nacional)<\/li>\n<\/ul>\n<p><a href=\"https:\/\/www.google.pt\/maps\/dir\/Rua+18+de+Maio,+Rossio+ao+Sul+do+Tejo\/39.4472292,-8.1849384\/@39.4472506,-8.193991,15z\/data=!4m9!4m8!1m5!1m1!1s0xd186c789900c8a1:0x14a77546142d76ce!2m2!1d-8.1847641!2d39.447251!1m0!3e2\" target=\"_blank\" rel=\"noopener\"><img decoding=\"async\" loading=\"lazy\" class=\"alignnone wp-image-86\" src=\"http:\/\/ghmc.pt\/site\/wp-content\/uploads\/2015\/04\/mapa11.jpg\" alt=\"mapa1\" width=\"440\" height=\"256\" \/><\/a><\/p>\n<p>Informa\u00e7\u00f5es\u00a0 GPS\u00a0\u00a0\u00a0 39,447670 \u00a0\u00a0 \u00a0 -8,185210<\/td>\n<\/tr>\n<\/tbody>\n<\/table>\n<p>A GHMC Lda. respeita o seu direito \u00e0 privacidade e n\u00e3o recolhe neste site qualquer informa\u00e7\u00e3o pessoal sobre si sem o seu consentimento. Os dados recolhidos Nome e Email s\u00e3o tratados\u00a0com as garantias de seguran\u00e7a e confidencialidade e com a finalidade de responder aos pedidos de informa\u00e7\u00e3o dos Utilizadores. O titular dos dados tem direito de acesso, rectifica\u00e7\u00e3o e elimina\u00e7\u00e3o, devendo para tal contactar o respons\u00e1vel do tratamento, a GHMC Lda.\u00a0Porque os seus dados circulam em rede aberta correm o risco de serem vistos e utilizados por terceiros n\u00e3o autorizados.<\/p>\n","protected":false},"excerpt":{"rendered":"<p>\u00a0 GHMC &#8211; Com\u00e9rcio e Representa\u00e7\u00f5es, Lda. Rua 18 de Maio, Lt 14 R\/C Rossio ao Sul do Tejo 2205-076 Abrantes Tel: +351 241 331 182 (chamada para rede fixa nacional) Informa\u00e7\u00f5es\u00a0 GPS\u00a0\u00a0\u00a0 39,447670 \u00a0\u00a0 \u00a0 -8,185210 A GHMC Lda. <a href=\"http:\/\/ghmc.pt\/site\/sample-page\/\" class=\"read-more\">Ver mais &#8230;<\/a><\/p>\n","protected":false},"author":1,"featured_media":0,"parent":0,"menu_order":2,"comment_status":"closed","ping_status":"closed","template":"","meta":[],"_links":{"self":[{"href":"http:\/\/ghmc.pt\/site\/wp-json\/wp\/v2\/pages\/2"}],"collection":[{"href":"http:\/\/ghmc.pt\/site\/wp-json\/wp\/v2\/pages"}],"about":[{"href":"http:\/\/ghmc.pt\/site\/wp-json\/wp\/v2\/types\/page"}],"author":[{"embeddable":true,"href":"http:\/\/ghmc.pt\/site\/wp-json\/wp\/v2\/users\/1"}],"replies":[{"embeddable":true,"href":"http:\/\/ghmc.pt\/site\/wp-json\/wp\/v2\/comments?post=2"}],"version-history":[{"count":32,"href":"http:\/\/ghmc.pt\/site\/wp-json\/wp\/v2\/pages\/2\/revisions"}],"predecessor-version":[{"id":514,"href":"http:\/\/ghmc.pt\/site\/wp-json\/wp\/v2\/pages\/2\/revisions\/514"}],"wp:attachment":[{"href":"http:\/\/ghmc.pt\/site\/wp-json\/wp\/v2\/media?parent=2"}],"curies":[{"name":"wp","href":"https:\/\/api.w.org\/{rel}","templated":true}]}}