{"id":19,"date":"2015-04-13T17:20:50","date_gmt":"2015-04-13T17:20:50","guid":{"rendered":"http:\/\/ghmc.pt\/site\/?page_id=19"},"modified":"2015-04-19T20:51:36","modified_gmt":"2015-04-19T20:51:36","slug":"cap-complexo-aluminio","status":"publish","type":"page","link":"http:\/\/ghmc.pt\/site\/produtos\/cap-complexo-aluminio\/","title":{"rendered":"C\u00c1P. POLIETILNEO"},"content":{"rendered":"<p>(Verplast, C\u00e1psulas com ou sem vertedor, C\u00e1psulas Pull Push, C\u00e1psulas para Garraf\u00e3o, C\u00e1psulas de Press\u00e3o)<br \/>\n<div id='image_slideshow_holder' style='max-width:850px'><ul id='image_slideshow' class='acx_ppt acx_ppt_0 acx_ppt_uid_Polietileno' style='width:850px;overflow:hidden;'><li><img src='http:\/\/ghmc.pt\/site\/wp-content\/uploads\/2015\/04\/Poliep_005.jpg' title='Poliep_005' alt='' style='max-height:450px;width:850px;'><div class='img_prev_0 img_prev'><\/div><div class='img_next_0 img_next'><\/div><\/li><li><img src='http:\/\/ghmc.pt\/site\/wp-content\/uploads\/2015\/04\/Poliep_002.jpg' title='Poliep_002' alt='' style='max-height:450px;width:850px;'><div class='img_prev_0 img_prev'><\/div><div class='img_next_0 img_next'><\/div><\/li><li><img src='http:\/\/ghmc.pt\/site\/wp-content\/uploads\/2015\/04\/Poliep_003.jpg' title='Poliep_003' alt='' style='max-height:450px;width:850px;'><div class='img_prev_0 img_prev'><\/div><div class='img_next_0 img_next'><\/div><\/li><li><img src='http:\/\/ghmc.pt\/site\/wp-content\/uploads\/2015\/04\/Poliep_004.jpg' title='Poliep_004' alt='' style='max-height:450px;width:850px;'><div class='img_prev_0 img_prev'><\/div><div class='img_next_0 img_next'><\/div><\/li><li><img src='http:\/\/ghmc.pt\/site\/wp-content\/uploads\/2015\/04\/Poliep_005.jpg' title='Poliep_005' alt='' style='max-height:450px;width:850px;'><div class='img_prev_0 img_prev'><\/div><div class='img_next_0 img_next'><\/div><\/li><input type='hidden' id='acx_hidden_id_0' value='stop'\/><\/ul><\/div><!-- image_slideshow_holder --><\/p>\n","protected":false},"excerpt":{"rendered":"<p>(Verplast, C\u00e1psulas com ou sem vertedor, C\u00e1psulas Pull Push, C\u00e1psulas para Garraf\u00e3o, C\u00e1psulas de Press\u00e3o)<\/p>\n","protected":false},"author":1,"featured_media":0,"parent":270,"menu_order":0,"comment_status":"closed","ping_status":"closed","template":"","meta":[],"_links":{"self":[{"href":"http:\/\/ghmc.pt\/site\/wp-json\/wp\/v2\/pages\/19"}],"collection":[{"href":"http:\/\/ghmc.pt\/site\/wp-json\/wp\/v2\/pages"}],"about":[{"href":"http:\/\/ghmc.pt\/site\/wp-json\/wp\/v2\/types\/page"}],"author":[{"embeddable":true,"href":"http:\/\/ghmc.pt\/site\/wp-json\/wp\/v2\/users\/1"}],"replies":[{"embeddable":true,"href":"http:\/\/ghmc.pt\/site\/wp-json\/wp\/v2\/comments?post=19"}],"version-history":[{"count":4,"href":"http:\/\/ghmc.pt\/site\/wp-json\/wp\/v2\/pages\/19\/revisions"}],"predecessor-version":[{"id":161,"href":"http:\/\/ghmc.pt\/site\/wp-json\/wp\/v2\/pages\/19\/revisions\/161"}],"up":[{"embeddable":true,"href":"http:\/\/ghmc.pt\/site\/wp-json\/wp\/v2\/pages\/270"}],"wp:attachment":[{"href":"http:\/\/ghmc.pt\/site\/wp-json\/wp\/v2\/media?parent=19"}],"curies":[{"name":"wp","href":"https:\/\/api.w.org\/{rel}","templated":true}]}}